{"id":752,"date":"2024-05-23T16:16:52","date_gmt":"2024-05-23T16:16:52","guid":{"rendered":"https:\/\/labufalat.it\/?page_id=752"},"modified":"2025-05-28T10:19:35","modified_gmt":"2025-05-28T10:19:35","slug":"il-processo-produttivo-2","status":"publish","type":"page","link":"https:\/\/labufalat.it\/?page_id=752","title":{"rendered":"IL PROCESSO PRODUTTIVO"},"content":{"rendered":"\t\t<div data-elementor-type=\"wp-page\" data-elementor-id=\"752\" class=\"elementor elementor-752\">\n\t\t\t\t<div class=\"elementor-element elementor-element-f97b7e0 e-flex e-con-boxed e-con e-parent\" data-id=\"f97b7e0\" data-element_type=\"container\">\n\t\t\t\t\t<div class=\"e-con-inner\">\n\t\t\t\t<div class=\"elementor-element elementor-element-5699878 elementor-widget-divider--view-line elementor-widget elementor-widget-divider\" data-id=\"5699878\" data-element_type=\"widget\" data-widget_type=\"divider.default\">\n\t\t\t\t<div class=\"elementor-widget-container\">\n\t\t\t\t\t\t\t<div class=\"elementor-divider\">\n\t\t\t<span class=\"elementor-divider-separator\">\n\t\t\t\t\t\t<\/span>\n\t\t<\/div>\n\t\t\t\t\t\t<\/div>\n\t\t\t\t<\/div>\n\t\t\t\t\t<\/div>\n\t\t\t\t<\/div>\n\t\t<div class=\"elementor-element elementor-element-a1693b3 e-flex e-con-boxed e-con e-parent\" data-id=\"a1693b3\" data-element_type=\"container\">\n\t\t\t\t\t<div class=\"e-con-inner\">\n\t\t\t\t<div class=\"elementor-element elementor-element-9a08bd5 elementor-widget elementor-widget-text-editor\" data-id=\"9a08bd5\" data-element_type=\"widget\" data-widget_type=\"text-editor.default\">\n\t\t\t\t<div class=\"elementor-widget-container\">\n\t\t\t\t\t\t\t\t\t<h3 style=\"text-align: center;\"><strong>PROCESSO PRODUTTIVO<\/strong><\/h3>\t\t\t\t\t\t\t\t<\/div>\n\t\t\t\t<\/div>\n\t\t\t\t\t<\/div>\n\t\t\t\t<\/div>\n\t\t<div class=\"elementor-element elementor-element-0a03f72 e-con-full e-flex e-con e-parent\" data-id=\"0a03f72\" data-element_type=\"container\">\n\t\t\t\t<div class=\"elementor-element elementor-element-db7a560 elementor-invisible elementor-widget elementor-widget-text-editor\" data-id=\"db7a560\" data-element_type=\"widget\" data-settings=\"{&quot;_animation&quot;:&quot;fadeInUp&quot;}\" data-widget_type=\"text-editor.default\">\n\t\t\t\t<div class=\"elementor-widget-container\">\n\t\t\t\t\t\t\t\t\t<p><strong>Cos&#8217;\u00e8<\/strong><\/p><p>La Mozzarella di Bufala Campana DOP fa parte di quei formaggi freschi a pasta filata prodotta esclusivamente con latte di bufala proveniente dalla zona di origine e realizzata con un processo tecnologico rispondente al disciplinare di produzione. Con l\u2019iscrizione nell\u2019albo comunitario dei prodotti a Denominazione di Origine Protetta nel 1996, vengono istituzionalmente riconosciute quelle caratteristiche organolettiche e merceologiche del formaggio tipico mozzarella di bufala campana, derivate prevalentemente dalle condizioni ambientali e dai metodi tradizionali di lavorazione esistenti nella specifica area di produzione delimitata.<\/p><p style=\"text-align: center;\"><img fetchpriority=\"high\" decoding=\"async\" class=\"alignnone wp-image-1053 size-full\" src=\"https:\/\/labufalat.it\/wp-content\/uploads\/2024\/12\/27_RIDOTTA.png\" alt=\"\" width=\"800\" height=\"528\" srcset=\"https:\/\/labufalat.it\/wp-content\/uploads\/2024\/12\/27_RIDOTTA.png 800w, https:\/\/labufalat.it\/wp-content\/uploads\/2024\/12\/27_RIDOTTA-300x198.png 300w, https:\/\/labufalat.it\/wp-content\/uploads\/2024\/12\/27_RIDOTTA-768x507.png 768w, https:\/\/labufalat.it\/wp-content\/uploads\/2024\/12\/27_RIDOTTA-680x449.png 680w\" sizes=\"(max-width: 800px) 100vw, 800px\" \/><br \/>Una mozzarella mozzata a mano<\/p><p><strong>Il latte.<\/strong><\/p><p>Il latte di bufala, ha una composizione diversa da quella di altre specie animali utilizzate per la produzione di formaggio, rispetto a quello di vacca e pecora ad esempio, \u00e8 pi\u00f9 ricco di proteine, grassi e soprattutto calcio totale. Queste caratteristiche chimiche permettono a chi lo trasforma di ottenere delle rese di caseificazione pari al doppio di quelle che in genere si ottengono con il latte di mucca. Un\u2019altra caratteristica singolare \u00e8 l\u2019assenza di carotenoidi nella sua composizione, ci\u00f2 si trasmette nelle caratteristiche del prodotto finito nell\u2019assunzione del tipico ed unico colore bianco porcellanato della Mozzarella di Bufala Campana. Il latte prodotto nelle aziende agricole viene trasportato in tempi brevissimi negli stabilimenti di produzione dove viene sottoposto a tutti i controlli igienico-sanitari e a quelli ulteriori del Disciplinare prima di dare inizio alla vera e propria lavorazione. \u00a0<br \/><img decoding=\"async\" class=\"alignnone wp-image-1621 size-large\" src=\"https:\/\/labufalat.it\/wp-content\/uploads\/2025\/02\/28.-silos-1024x875.jpeg\" alt=\"\" width=\"1024\" height=\"875\" srcset=\"https:\/\/labufalat.it\/wp-content\/uploads\/2025\/02\/28.-silos-1024x875.jpeg 1024w, https:\/\/labufalat.it\/wp-content\/uploads\/2025\/02\/28.-silos-300x256.jpeg 300w, https:\/\/labufalat.it\/wp-content\/uploads\/2025\/02\/28.-silos-768x656.jpeg 768w, https:\/\/labufalat.it\/wp-content\/uploads\/2025\/02\/28.-silos-1536x1312.jpeg 1536w, https:\/\/labufalat.it\/wp-content\/uploads\/2025\/02\/28.-silos-1320x1128.jpeg 1320w, https:\/\/labufalat.it\/wp-content\/uploads\/2025\/02\/28.-silos-680x581.jpeg 680w, https:\/\/labufalat.it\/wp-content\/uploads\/2025\/02\/28.-silos.jpeg 1600w\" sizes=\"(max-width: 1024px) 100vw, 1024px\" \/><\/p><p style=\"text-align: center;\"><img decoding=\"async\" class=\"alignnone wp-image-1622 size-full\" src=\"https:\/\/labufalat.it\/wp-content\/uploads\/2025\/02\/29.-camion-raccolta-latte.jpeg\" alt=\"\" width=\"1499\" height=\"1600\" srcset=\"https:\/\/labufalat.it\/wp-content\/uploads\/2025\/02\/29.-camion-raccolta-latte.jpeg 1499w, https:\/\/labufalat.it\/wp-content\/uploads\/2025\/02\/29.-camion-raccolta-latte-281x300.jpeg 281w, https:\/\/labufalat.it\/wp-content\/uploads\/2025\/02\/29.-camion-raccolta-latte-959x1024.jpeg 959w, https:\/\/labufalat.it\/wp-content\/uploads\/2025\/02\/29.-camion-raccolta-latte-768x820.jpeg 768w, https:\/\/labufalat.it\/wp-content\/uploads\/2025\/02\/29.-camion-raccolta-latte-1439x1536.jpeg 1439w, https:\/\/labufalat.it\/wp-content\/uploads\/2025\/02\/29.-camion-raccolta-latte-1320x1409.jpeg 1320w, https:\/\/labufalat.it\/wp-content\/uploads\/2025\/02\/29.-camion-raccolta-latte-680x726.jpeg 680w\" sizes=\"(max-width: 1499px) 100vw, 1499px\" \/>I serbatoi atti a contenere il latte di bufala raccolto giornalmente.<\/p><p><strong>Acidificazione e coagulazione.<\/strong><\/p><p>La coagulazione \u00e8 preceduta dall\u2019aggiunta nel latte, portato precedentemente ad una temperatura tra i 33 e 39\u00b0C, di siero innesto naturale (detto\u00a0<em>cizza<\/em>) proveniente dalla lavorazione medesima del giorno precedente. Tale aggiunta serve a rendere il latte\u00a0<em>attivo<\/em>\u00a0e pronto per la immediata e successiva coagulazione che viene effettuata in caldaie o polivalenti in acciaio, mediante esclusivo utilizzo di caglio naturale di vitello.<\/p><p style=\"text-align: center;\"><img loading=\"lazy\" decoding=\"async\" class=\"wp-image-1623 size-full aligncenter\" src=\"https:\/\/labufalat.it\/wp-content\/uploads\/2025\/02\/30.PROCESSO-1.png\" alt=\"\" width=\"1024\" height=\"676\" srcset=\"https:\/\/labufalat.it\/wp-content\/uploads\/2025\/02\/30.PROCESSO-1.png 1024w, https:\/\/labufalat.it\/wp-content\/uploads\/2025\/02\/30.PROCESSO-1-300x198.png 300w, https:\/\/labufalat.it\/wp-content\/uploads\/2025\/02\/30.PROCESSO-1-768x507.png 768w, https:\/\/labufalat.it\/wp-content\/uploads\/2025\/02\/30.PROCESSO-1-680x449.png 680w\" sizes=\"(max-width: 1024px) 100vw, 1024px\" \/><br \/><em>Le tine polivalenti dove viene coagulato il latte\u00a0<\/em><\/p><p><strong>Rottura e maturazione della cagliata.<\/strong><\/p><p>Dopo alcuni minuti che il latte \u00e8 rappreso per l\u2019intervento del caglio, si procede alla rottura degli stessi grumi caseosi con un attrezzo denominato \u201cspino\u201d che li riduce fino ad una grandezza di poco pi\u00f9 di una noce. A partire da questo momento si verifica la separazione tra la fase solida e la fase liquida del latte (sineresi). La fase liquida, allontanata mediante prelievo, \u00e8 detta \u201csiero dolce\u201d ed \u00e8 la materia prima con cui si ricaver\u00e0 la squisita Ricotta di Bufala Campana, mentre la fase solida \u00e8 detta cagliata. Quest\u2019ultima \u00e8 lasciata acidificare sotto siero fino a quando sar\u00e0 definita \u201cmatura\u201do \u201cpronta\u201d per la filatura dal casaro, mediante il saggio di filatura che esegue personalmente.<\/p><p><strong>Il saggio di filatura e la filatura della pasta stessa.<\/strong><\/p><p>Questa prova empirica, ma assolutamente attendibile nelle mani esperte di un mastro casaro, consiste nell\u2019aggiungere acqua bollente a circa mezzo chilogrammo di cagliata sminuzzata che, amalgamata fino a farla fondere, viene tesa con le mani ed un bastoncino di legno: se si allunga uniformemente senza spezzarsi, \u00e8 giudicata \u201cpronta\u201d per la fase successiva di filatura. La cagliata al giusto grado di maturazione viene posta su tavoli drenanti dove avviene lo spurgo di tutto il siero residuo, successivamente viene tagliata a listarelle e posta nei mastelli di acciaio dove viene aggiunta acqua bollente. Il contatto tra acqua bollente e cagliata provoca la fusione della massa che viene di continuo sollevata e tirata fino ad ottenere un unico corpo omogeneo. In alternativa alla cottura della pasta fatta per via manuale, da qualche anno viene usata la macchina filatrice. Questa offre il vantaggio di avere la pasta cotta sempre in maniera omogenea e standardizzata riuscendo cos\u00ec ad avere una mozzarella \u201ccostante\u201d e sempre buona.<\/p><p style=\"text-align: left;\">La fase di filatura<\/p><p><strong>Dalle ciliegine alle trecce.<\/strong><\/p><p>Nella stragrande maggioranza dei caseifici una parte non trascurabile della fase di formatura \u00e8 effettuata dal casaro e dai suoi collaboratori manualmente, la restante parte \u00e8 effettuata con l\u2019ausilio di macchine operatrici dette formatrici che producono pezzature a peso predeterminato. La Mozzarella di Bufala Campana cos\u00ec prodotta viene da prima lasciata in vasche contenenti acqua fredda per garantire un primo importante rassodamento, che si completa in altre vasche contenenti anche soluzione saline che conferiscono al prodotto il giusto grado finale di sapidit\u00e0. Oltre alla forma tondeggiante che parte dai 20 grammi (perlina, ciliegina, bocconcino), il disciplinare di produzione prevede diverse altre tipologie, quali, nodini e trecce fino a tre chilogrammi.<\/p>\t\t\t\t\t\t\t\t<\/div>\n\t\t\t\t<\/div>\n\t\t\t\t<\/div>\n\t\t\t\t<\/div>\n\t\t","protected":false},"excerpt":{"rendered":"<p>PROCESSO PRODUTTIVO Cos&#8217;\u00e8 La Mozzarella di Bufala Campana DOP fa parte di quei formaggi freschi a pasta filata prodotta esclusivamente con latte di bufala proveniente dalla zona di origine e realizzata con un processo tecnologico rispondente al disciplinare di produzione. Con l\u2019iscrizione nell\u2019albo comunitario dei prodotti a Denominazione di Origine Protetta nel 1996, vengono istituzionalmente &hellip;<\/p>\n","protected":false},"author":1,"featured_media":0,"parent":0,"menu_order":0,"comment_status":"closed","ping_status":"closed","template":"","meta":{"footnotes":""},"class_list":["post-752","page","type-page","status-publish","hentry"],"_links":{"self":[{"href":"https:\/\/labufalat.it\/index.php?rest_route=\/wp\/v2\/pages\/752","targetHints":{"allow":["GET"]}}],"collection":[{"href":"https:\/\/labufalat.it\/index.php?rest_route=\/wp\/v2\/pages"}],"about":[{"href":"https:\/\/labufalat.it\/index.php?rest_route=\/wp\/v2\/types\/page"}],"author":[{"embeddable":true,"href":"https:\/\/labufalat.it\/index.php?rest_route=\/wp\/v2\/users\/1"}],"replies":[{"embeddable":true,"href":"https:\/\/labufalat.it\/index.php?rest_route=%2Fwp%2Fv2%2Fcomments&post=752"}],"version-history":[{"count":31,"href":"https:\/\/labufalat.it\/index.php?rest_route=\/wp\/v2\/pages\/752\/revisions"}],"predecessor-version":[{"id":1973,"href":"https:\/\/labufalat.it\/index.php?rest_route=\/wp\/v2\/pages\/752\/revisions\/1973"}],"wp:attachment":[{"href":"https:\/\/labufalat.it\/index.php?rest_route=%2Fwp%2Fv2%2Fmedia&parent=752"}],"curies":[{"name":"wp","href":"https:\/\/api.w.org\/{rel}","templated":true}]}}