{"id":833,"date":"2024-06-03T16:35:35","date_gmt":"2024-06-03T16:35:35","guid":{"rendered":"https:\/\/labufalat.it\/?page_id=833"},"modified":"2025-03-18T16:52:53","modified_gmt":"2025-03-18T16:52:53","slug":"la-gdo-e-la-do","status":"publish","type":"page","link":"https:\/\/labufalat.it\/?page_id=833","title":{"rendered":"LA GDO"},"content":{"rendered":"\t\t<div data-elementor-type=\"wp-page\" data-elementor-id=\"833\" class=\"elementor elementor-833\">\n\t\t\t\t<div class=\"elementor-element elementor-element-c1a5262 e-flex e-con-boxed e-con e-parent\" data-id=\"c1a5262\" data-element_type=\"container\">\n\t\t\t\t\t<div class=\"e-con-inner\">\n\t\t\t\t<div class=\"elementor-element elementor-element-8c62ab0 elementor-widget elementor-widget-text-editor\" data-id=\"8c62ab0\" data-element_type=\"widget\" data-widget_type=\"text-editor.default\">\n\t\t\t\t<div class=\"elementor-widget-container\">\n\t\t\t\t\t\t\t\t\t<h3 style=\"text-align: center;\"><strong>LA GDO E LA DO<\/strong><\/h3>\t\t\t\t\t\t\t\t<\/div>\n\t\t\t\t<\/div>\n\t\t\t\t\t<\/div>\n\t\t\t\t<\/div>\n\t\t<div class=\"elementor-element elementor-element-248ee21 e-flex e-con-boxed e-con e-parent\" data-id=\"248ee21\" data-element_type=\"container\">\n\t\t\t\t\t<div class=\"e-con-inner\">\n\t\t<div class=\"elementor-element elementor-element-3468413 e-con-full e-flex e-con e-child\" data-id=\"3468413\" data-element_type=\"container\">\n\t\t\t\t<div class=\"elementor-element elementor-element-124fde8 elementor-invisible elementor-widget elementor-widget-text-editor\" data-id=\"124fde8\" data-element_type=\"widget\" data-settings=\"{&quot;_animation&quot;:&quot;fadeInUp&quot;}\" data-widget_type=\"text-editor.default\">\n\t\t\t\t<div class=\"elementor-widget-container\">\n\t\t\t\t\t\t\t\t\t<p>La percentuale maggiore di fatturato \u00e8 sviluppata con clienti della GDO e della DO. Le forniture vengono garantite mediante tre consegni settimanali presso piattaforme dislocate su tutto il territorio nazionale, isole comprese. La gestione del rapporto di fornitura rispetta:<\/p><p>\u2022 gli standard di qualit\u00e0 del prodotto (applicazione delle procedure di qualit\u00e0 secondo il manuale aziendale, rispetto scrupoloso delle GMP );<\/p><p>\u2022 il livello di servizio nelle consegne (livelli di consegna sottoscritti con il 99%)<\/p><p>\u2022 gli scambi dei flussi di dati (EDI, gestione di informazioni mediante applicazioni su portali).<\/p><p>Inoltre una buona parte delle forniture \u00e8 fatta con la private label dei clienti la qual cosa impone vincoli di gestione ancora pi\u00f9 stringenti in quanto in tal caso i clienti sono ancora pi\u00f9 esigenti.<\/p><div>\u00a0<\/div>\t\t\t\t\t\t\t\t<\/div>\n\t\t\t\t<\/div>\n\t\t\t\t<\/div>\n\t\t\t\t\t<\/div>\n\t\t\t\t<\/div>\n\t\t\t\t<\/div>\n\t\t","protected":false},"excerpt":{"rendered":"<p>LA GDO E LA DO La percentuale maggiore di fatturato \u00e8 sviluppata con clienti della GDO e della DO. Le forniture vengono garantite mediante tre consegni settimanali presso piattaforme dislocate su tutto il territorio nazionale, isole comprese. La gestione del rapporto di fornitura rispetta: \u2022 gli standard di qualit\u00e0 del prodotto (applicazione delle procedure di &hellip;<\/p>\n","protected":false},"author":1,"featured_media":0,"parent":0,"menu_order":0,"comment_status":"closed","ping_status":"closed","template":"","meta":{"footnotes":""},"class_list":["post-833","page","type-page","status-publish","hentry"],"_links":{"self":[{"href":"https:\/\/labufalat.it\/index.php?rest_route=\/wp\/v2\/pages\/833","targetHints":{"allow":["GET"]}}],"collection":[{"href":"https:\/\/labufalat.it\/index.php?rest_route=\/wp\/v2\/pages"}],"about":[{"href":"https:\/\/labufalat.it\/index.php?rest_route=\/wp\/v2\/types\/page"}],"author":[{"embeddable":true,"href":"https:\/\/labufalat.it\/index.php?rest_route=\/wp\/v2\/users\/1"}],"replies":[{"embeddable":true,"href":"https:\/\/labufalat.it\/index.php?rest_route=%2Fwp%2Fv2%2Fcomments&post=833"}],"version-history":[{"count":9,"href":"https:\/\/labufalat.it\/index.php?rest_route=\/wp\/v2\/pages\/833\/revisions"}],"predecessor-version":[{"id":1833,"href":"https:\/\/labufalat.it\/index.php?rest_route=\/wp\/v2\/pages\/833\/revisions\/1833"}],"wp:attachment":[{"href":"https:\/\/labufalat.it\/index.php?rest_route=%2Fwp%2Fv2%2Fmedia&parent=833"}],"curies":[{"name":"wp","href":"https:\/\/api.w.org\/{rel}","templated":true}]}}